{"id":3,"date":"2020-02-06T14:33:41","date_gmt":"2020-02-06T14:33:41","guid":{"rendered":"https:\/\/atelier-sirikow.de\/?page_id=3"},"modified":"2023-01-23T18:04:50","modified_gmt":"2023-01-23T17:04:50","slug":"datenschutz","status":"publish","type":"page","link":"https:\/\/atelier-sirikow.de\/it\/datenschutz\/","title":{"rendered":"privacy"},"content":{"rendered":"<div data-elementor-type=\"wp-page\" data-elementor-id=\"3\" class=\"elementor elementor-3\" data-elementor-post-type=\"page\">\n\t\t\t\t\t\t<section class=\"elementor-section elementor-top-section elementor-element elementor-element-5e8a66d8 elementor-section-boxed elementor-section-height-default elementor-section-height-default\" data-id=\"5e8a66d8\" data-element_type=\"section\" data-e-type=\"section\">\n\t\t\t\t\t\t<div class=\"elementor-container elementor-column-gap-no\">\n\t\t\t\t\t<div class=\"elementor-column elementor-col-100 elementor-top-column elementor-element elementor-element-25fab30f\" data-id=\"25fab30f\" data-element_type=\"column\" data-e-type=\"column\">\n\t\t\t<div class=\"elementor-widget-wrap elementor-element-populated\">\n\t\t\t\t\t\t<div class=\"elementor-element elementor-element-629f609 elementor-widget elementor-widget-global elementor-global-21 elementor-widget-spacer\" data-id=\"629f609\" data-element_type=\"widget\" data-e-type=\"widget\" data-widget_type=\"spacer.default\">\n\t\t\t\t<div class=\"elementor-widget-container\">\n\t\t\t\t\t\t\t<div class=\"elementor-spacer\">\n\t\t\t<div class=\"elementor-spacer-inner\"><\/div>\n\t\t<\/div>\n\t\t\t\t\t\t<\/div>\n\t\t\t\t<\/div>\n\t\t\t\t<div class=\"elementor-element elementor-element-2d567 elementor-widget elementor-widget-text-editor\" data-id=\"2d567\" data-element_type=\"widget\" data-e-type=\"widget\" data-widget_type=\"text-editor.default\">\n\t\t\t\t<div class=\"elementor-widget-container\">\n\t\t\t\t\t\t\t\t\t<h1>Protezione dati<\/h1>\n<p>Il responsabile ai sensi delle leggi sulla protezione dei dati, in particolare del Regolamento generale sulla protezione dei dati dell&#039;UE (GDPR), \u00e8:<\/p>\n<p>Joachim Sirikow<br>Wolfbuehl 16<br>88637 Leibertingen<br>Telefono: 07466910211 (ufficio) o 07466910212 (studio)<br>E-mail: info@atelier-sirikow.de<\/p>\n<h2>I diritti dell&#039;interessato<\/h2>\n<p>Puoi esercitare i seguenti diritti in qualsiasi momento utilizzando i dati di contatto forniti per il nostro responsabile della protezione dei dati:<\/p>\n<ul>\n<li>Informazioni sui tuoi dati da noi conservati e sul loro trattamento (art. 15 GDPR),<\/li>\n<li>Rettifica di dati personali inesatti (art. 16 GDPR),<\/li>\n<li>Cancellazione dei tuoi dati da noi conservati (art. 17 GDPR),<\/li>\n<li>Limitazione del trattamento dei dati se non siamo ancora autorizzati a cancellare i tuoi dati a causa di obblighi di legge (articolo 18 GDPR),<\/li>\n<li>Opposizione al trattamento dei Suoi dati da parte nostra (art. 21 GDPR) e<\/li>\n<li>Trasferibilit\u00e0 dei dati se hai acconsentito al trattamento dei dati o hai stipulato un contratto con noi (articolo 20 GDPR).<\/li>\n<\/ul>\n<p>Se ci hai fornito il tuo consenso, puoi revocarlo in qualsiasi momento con effetto per il futuro.<\/p>\n<p>\u00c8 possibile contattare un&#039;autorit\u00e0 di controllo in qualsiasi momento con un reclamo, ad es. B. all&#039;autorit\u00e0 di vigilanza competente dello Stato federale del vostro luogo di residenza o all&#039;autorit\u00e0 responsabile per noi in quanto organismo responsabile.<\/p>\n<p>Puoi trovare un elenco delle autorit\u00e0 di vigilanza (per l&#039;area non pubblica) con i loro indirizzi a: <a href=\"https:\/\/www.bfdi.bund.de\/DE\/Service\/Anschriften\/Laender\/Laender-node.html\" target=\"_blank\" rel=\"noopener nofollow\">https:\/\/www.bfdi.bund.de\/DE\/Service\/Anschriften\/Laender\/Laender-node.html<\/a>.<\/p>\n<p><\/p>\n<h2>Raccolta di informazioni generali quando si visita il nostro sito web<\/h2>\n<h3>Tipo e finalit\u00e0 del trattamento:<\/h3>\n<p>Se accedi al nostro sito Web, ovvero se non ti registri o in altro modo invii informazioni, vengono automaticamente registrate informazioni di carattere generale. Queste informazioni (file di registro del server) includono il tipo di browser web, il sistema operativo utilizzato, il nome di dominio del tuo provider di servizi Internet, il tuo indirizzo IP e simili. <\/p>\n<p>In particolare, sono trattati per le seguenti finalit\u00e0:<\/p>\n<ul>\n<li>Garantire una connessione senza problemi al sito Web,<\/li>\n<li>garantire un uso regolare del nostro sito Web,<\/li>\n<li>Anche la valutazione della sicurezza e della stabilit\u00e0 del sistema<\/li>\n<li>per ottimizzare il nostro sito web.<\/li>\n<\/ul>\n<p>Non utilizziamo i tuoi dati per trarre conclusioni sulla tua persona. Informazioni di questo tipo vengono da noi valutate statisticamente, se necessario in forma anonima, al fine di ottimizzare il nostro sito Web e la tecnologia alla base. <\/p>\n<h3>Base giuridica e legittimo interesse:<\/h3>\n<p>Il trattamento avviene ai sensi dell&#039;articolo 6 comma 1 lettera f GDPR sulla base del nostro legittimo interesse a migliorare la stabilit\u00e0 e la funzionalit\u00e0 del nostro sito web.<\/p>\n<h3>Destinatario:<\/h3>\n<p>I destinatari dei dati possono essere fornitori di servizi tecnici che agiscono in qualit\u00e0 di responsabili del trattamento per il funzionamento e la manutenzione del nostro sito web.<\/p>\n<p><\/p>\n<h3>Durata di conservazione:<\/h3>\n<p>I dati saranno cancellati non appena non saranno pi\u00f9 necessari ai fini della raccolta. Questo \u00e8 generalmente il caso dei dati utilizzati per fornire il sito Web al termine della rispettiva sessione. <\/p>\n<p> Se i dati sono archiviati in file di registro, ci\u00f2 avviene al massimo dopo 14 giorni. Lo stoccaggio oltre questo \u00e8 possibile. In questo caso gli indirizzi IP degli utenti vengono anonimizzati in modo che non sia pi\u00f9 possibile assegnare il client chiamante.<\/p>\n<p><\/p>\n<h3>Disposizione prescritta o richiesta:<\/h3>\n<p>Il conferimento dei predetti dati personali non \u00e8 n\u00e9 previsto dalla legge n\u00e9 dal contratto. Senza l&#039;indirizzo IP, tuttavia, il servizio e la funzionalit\u00e0 del nostro sito Web non possono essere garantiti. Inoltre, i singoli servizi potrebbero non essere disponibili o essere soggetti a limitazioni. Per questo motivo, un&#039;obiezione \u00e8 esclusa. <\/p>\n<p><\/p>\n<h2>biscotti<\/h2>\n<p>Come molti altri siti Web, utilizziamo anche i cosiddetti &quot;cookie&quot;. I cookie sono piccoli file di testo che vengono memorizzati sul tuo dispositivo finale (laptop, tablet, smartphone, ecc.) quando visiti il nostro sito web. <\/p>\n<p>\u00c8 possibile eliminare singoli cookie o l&#039;intero inventario di cookie. Riceverai anche informazioni e istruzioni su come eliminare questi cookie o come bloccarne la memorizzazione in anticipo. A seconda del provider del tuo browser, troverai le informazioni necessarie ai seguenti link:<\/p>\n<ul>\n<li>Mozilla Firefox: <a href=\"https:\/\/support.mozilla.org\/de\/kb\/cookies-loeschen-daten-von-websites-entfernen\" target=\"_blank\" rel=\"nofollow noopener\">https:\/\/support.mozilla.org\/de\/kb\/cookies-loeschen-daten-von-websites-entfernen<\/a><\/li>\n<li>Internet Explorer: <a href=\"https:\/\/support.microsoft.com\/de-de\/help\/17442\/windows-internet-explorer-delete-manage-cookies\" target=\"_blank\" rel=\"nofollow noopener\">https:\/\/support.microsoft.com\/de-de\/help\/17442\/windows-internet-explorer-delete-manage-cookies<\/a><\/li>\n<li>Google Chrome: <a href=\"https:\/\/support.google.com\/accounts\/answer\/61416?hl=de\" target=\"_blank\" rel=\"nofollow noopener\">https:\/\/support.google.com\/accounts\/answer\/61416?hl=de<\/a><\/li>\n<li>Musica lirica: <a href=\"http:\/\/www.opera.com\/de\/help\" target=\"_blank\" rel=\"nofollow noopener\">http:\/\/www.opera.com\/de\/help<\/a><\/li>\n<li>Safari: <a href=\"https:\/\/support.apple.com\/kb\/PH17191?locale=de_DE&amp;viewlocale=de_DE\" target=\"_blank\" rel=\"nofollow noopener\">https:\/\/support.apple.com\/kb\/PH17191?locale=de_DE&amp;viewlocale=de_DE<\/a><\/li>\n<\/ul>\n<h3><br><\/h3>\n<p><\/p>\n<h2>Modulo di Contatto<\/h2>\n<h3>Tipo e finalit\u00e0 del trattamento:<\/h3>\n<p>I dati da Lei inseriti verranno conservati ai fini della comunicazione individuale con Lei. Ci\u00f2 richiede di fornire un indirizzo email valido e il tuo nome. Viene utilizzato per allocare la richiesta e quindi per rispondere. Il conferimento di ulteriori dati \u00e8 facoltativo.<\/p>\n<h3>Basi legali:<\/h3>\n<p>I dati inseriti nel modulo di contatto sono trattati sulla base di un legittimo interesse (art. 6 cpv. 1 lett. f GDPR).<\/p>\n<p>Fornendo il modulo di contatto, vorremmo facilitarvi il contatto. Le informazioni da Lei fornite saranno conservate ai fini dell&#039;elaborazione della richiesta e per eventuali domande di follow-up.<\/p>\n<p>Se ci contatti per richiedere un&#039;offerta, i dati inseriti nel modulo di contatto saranno trattati per l&#039;esecuzione di misure precontrattuali (articolo 6(1)(b) GDPR).<\/p>\n<h3>Destinatario:<\/h3>\n<p>I destinatari dei dati possono essere responsabili del trattamento.<\/p>\n<p><\/p>\n<h3>Durata di conservazione:<\/h3>\n<p>I dati saranno cancellati entro e non oltre 6 mesi dall&#039;elaborazione della richiesta.<\/p>\n<p>Se esiste un rapporto contrattuale, siamo soggetti ai periodi di conservazione previsti dalla legge secondo il Codice commerciale tedesco e cancelliamo i tuoi dati dopo la scadenza di questi termini. <\/p>\n<h3>Disposizione prescritta o richiesta:<\/h3>\n<p>Il conferimento dei tuoi dati personali \u00e8 volontario. Tuttavia, possiamo elaborare la tua richiesta solo se ci fornisci il tuo nome, indirizzo e-mail e il motivo della richiesta.<\/p>\n<p><\/p>\n<h2>Utilizzo di librerie di script (Google Webfonts)<\/h2>\n<p>Per visualizzare i nostri contenuti in modo corretto e graficamente accattivante su tutti i browser, utilizziamo &quot;Google Web Fonts&quot; di Google LLC (1600 Amphitheatre Parkway, Mountain View, CA 94043, USA; di seguito &quot;Google&quot;) per visualizzare i caratteri su questo sito web.<\/p>\n<p>Per ulteriori informazioni sui caratteri Web di Google, vedere <a href=\"https:\/\/developers.google.com\/fonts\/faq\" rel=\"noopener nofollow\" target=\"_blank\">https:\/\/developers.google.com\/fonts\/faq<\/a> e nell&#039;informativa sulla privacy di Google: <a href=\"https:\/\/www.google.com\/policies\/privacy\/\" rel=\"noopener nofollow\" target=\"_blank\">https:\/\/www.google.com\/policies\/privacy\/<\/a>.<\/p>\n<p><\/p>\n<h2>Utilizzo dei caratteri Web Typekit da Adobe Fonts<\/h2>\n<p>Utilizziamo i caratteri Web Typekit di Adobe Fonts per il design visivo del nostro sito Web. Adobe Fonts \u00e8 un servizio fornito da Adobe Systems Software Ireland Companies (4-6 Riverwalk, Citywest Business Campus, Dublino 24, Repubblica d&#039;Irlanda; di seguito &quot;Adobe&quot;) che ci d\u00e0 accesso a una libreria di font. <\/p>\n<p>Per integrare i font che utilizziamo, il tuo browser deve stabilire una connessione a un server Adobe negli Stati Uniti e scaricare il font necessario per il nostro sito web. Questo fornisce ad Adobe l&#039;informazione che \u00e8 stato effettuato l&#039;accesso al nostro sito Web dal tuo indirizzo IP. <\/p>\n<p>Per ulteriori informazioni su Adobe Fonts, consulta l&#039;Informativa sulla privacy di Adobe Fonts, a cui puoi accedere qui: <a href=\"https:\/\/www.adobe.com\/de\/privacy\/policies\/adobe-fonts.html\" rel=\"noopener nofollow\" target=\"_blank\">https:\/\/www.adobe.com\/de\/privacy\/policies\/adobe-fonts.html<\/a><\/p>\n<p>Se il tuo browser non supporta i caratteri web o non dai il tuo consenso, il tuo computer utilizzer\u00e0 un carattere standard.<\/p>\n<h3>Revoca del consenso:<\/h3>\n<p>Il provider attualmente non offre alcuna opzione per un semplice opt-out o per il blocco della trasmissione dei dati. Se desideri impedire che le tue attivit\u00e0 sul nostro sito Web vengano tracciate, revoca il tuo consenso per la categoria di cookie corrispondente o tutti i cookie tecnicamente non necessari e le trasmissioni di dati nello strumento per il consenso ai cookie. In questo caso, tuttavia, potresti non essere in grado di utilizzare il nostro sito Web o solo in misura limitata.<\/p>\n<p><\/p>\n<h2>Video di YouTube incorporati<\/h2>\n<p>Incorporiamo i video di YouTube sul nostro sito web. Il gestore dei relativi plugin \u00e8 YouTube, LLC, 901 Cherry Ave., San Bruno, CA 94066, USA (di seguito &quot;YouTube&quot;). YouTube, LLC \u00e8 una consociata di Google LLC, 1600 Amphitheatre Pkwy, Mountain View, CA 94043, USA (di seguito \u201cGoogle\u201d). Quando visiti una pagina con il plug-in di YouTube, viene stabilita una connessione ai server di YouTube. Questo dice a YouTube quali pagine stai visitando. Se hai effettuato l&#039;accesso al tuo account YouTube, YouTube pu\u00f2 assegnarti personalmente il tuo comportamento di navigazione. Puoi impedirlo disconnettendoti dal tuo account YouTube in anticipo. <\/p>\n<p>Se viene avviato un video di YouTube, il provider utilizza i cookie che raccolgono informazioni sul comportamento dell&#039;utente. <\/p>\n<p>Ulteriori informazioni sullo scopo e sull&#039;entit\u00e0 della raccolta dei dati e del loro trattamento da parte di YouTube sono disponibili nelle dichiarazioni sulla protezione dei dati del fornitore, dove troverete anche ulteriori informazioni sui vostri diritti in merito e le opzioni di impostazione per la protezione della vostra privacy (<a href=\"https:\/\/policies.google.com\/privacy\" target=\"_blank\" rel=\"noopener\">https:\/\/policies.google.com\/privacy<\/a>). <\/p>\n<h3>Revoca del consenso:<\/h3>\n<p>Il provider attualmente non offre alcuna opzione per un semplice opt-out o per il blocco della trasmissione dei dati. Se desideri impedire che le tue attivit\u00e0 sul nostro sito Web vengano tracciate, revoca il tuo consenso per la categoria di cookie corrispondente o tutti i cookie tecnicamente non necessari e le trasmissioni di dati nello strumento per il consenso ai cookie. In questo caso, tuttavia, potresti non essere in grado di utilizzare il nostro sito Web o solo in misura limitata.<\/p>\n<p><\/p>\n<h2>Crittografia SSL<\/h2>\n<p>Per proteggere la sicurezza dei tuoi dati durante la trasmissione, utilizziamo metodi di crittografia all&#039;avanguardia (ad es. SSL) tramite HTTPS.<\/p>\n<p><\/p>\n<hr>\n<h2>Informazioni sul tuo diritto di opposizione ai sensi dell&#039;articolo 21 GDPR<\/h2>\n<h3>Diritto di opposizione individuale<\/h3>\n<p>Hai il diritto, per motivi derivanti dalla tua situazione particolare, di opporti in qualsiasi momento al trattamento dei dati personali che ti riguardano, che si basa sull&#039;articolo 6, paragrafo 1, lettera f) GDPR (trattamento dei dati sulla base di un equilibrio di interessi); ci\u00f2 vale anche per la profilazione basata su tale disposizione ai sensi dell&#039;articolo 4 n.4 GDPR.<\/p>\n<p>Se presenti un&#039;obiezione, non elaboreremo pi\u00f9 i tuoi dati personali a meno che non possiamo dimostrare validi motivi legittimi per il trattamento che prevalgono sui tuoi interessi, diritti e libert\u00e0, o il trattamento serve per far valere, esercitare o difendere un diritto in sede giudiziaria.<\/p>\n<h3>Destinatario di un&#039;obiezione<\/h3>\n<p>Joachim Sirikow<br>Wolfbuehl 16<br>88637 Leibertingen<br>Telefono: 07466910211 (ufficio) o 07466910212 (studio)<br>E-mail: info@atelier-sirikow.de<\/p>\n<hr>\n<h2>Modifica alla nostra politica sulla privacy<\/h2>\n<p>Ci riserviamo il diritto di adattare questa dichiarazione sulla protezione dei dati in modo che corrisponda sempre ai requisiti legali attuali o di apportare modifiche ai nostri servizi nella dichiarazione sulla protezione dei dati, ad esempio quando si introducono nuovi servizi. La nuova dichiarazione sulla protezione dei dati si applicher\u00e0 quindi alla tua prossima visita.<\/p>\n<h2>Domande al responsabile della protezione dei dati<\/h2>\n<p>In caso di domande sulla protezione dei dati, inviaci un&#039;e-mail o contatta direttamente il responsabile della protezione dei dati nella nostra organizzazione:<\/p>\n<p><\/p>\n<p><em>La dichiarazione sulla protezione dei dati \u00e8 stata creata con l&#039;aiuto di activeMind AG, gli esperti di <a href=\"https:\/\/www.activemind.de\/datenschutz\/datenschutzbeauftragter\/\" target=\"_blank\" rel=\"noopener\">responsabili esterni della protezione dei dati<\/a> (Versione #2020-09-30).<\/em><\/p>\t\t\t\t\t\t\t\t<\/div>\n\t\t\t\t<\/div>\n\t\t\t\t<div class=\"elementor-element elementor-element-9e0777a elementor-widget elementor-widget-global elementor-global-21 elementor-widget-spacer\" data-id=\"9e0777a\" data-element_type=\"widget\" data-e-type=\"widget\" data-widget_type=\"spacer.default\">\n\t\t\t\t<div class=\"elementor-widget-container\">\n\t\t\t\t\t\t\t<div class=\"elementor-spacer\">\n\t\t\t<div class=\"elementor-spacer-inner\"><\/div>\n\t\t<\/div>\n\t\t\t\t\t\t<\/div>\n\t\t\t\t<\/div>\n\t\t\t\t\t<\/div>\n\t\t<\/div>\n\t\t\t\t\t<\/div>\n\t\t<\/section>\n\t\t\t\t<\/div>","protected":false},"excerpt":{"rendered":"<p>Datenschutzerkl\u00e4rung Verantwortlicher im Sinne der Datenschutzgesetze, insbesondere der EU-Datenschutzgrundverordnung (DSGVO), ist: Joachim Sirikow Wolfb\u00fchl 16 88637 Leibertingen Telefon: 07466910211 (B\u00fcro) oder 07466910212 (Atelier) E-Mail: info@atelier-sirikow.de Ihre Betroffenenrechte Unter den angegebenen Kontaktdaten unseres Datenschutzbeauftragten k\u00f6nnen Sie jederzeit folgende Rechte aus\u00fcben: Auskunft \u00fcber Ihre bei uns gespeicherten Daten und deren Verarbeitung (Art. 15 DSGVO), Berichtigung unrichtiger personenbezogener [&hellip;]<\/p>\n","protected":false},"author":3,"featured_media":0,"parent":0,"menu_order":0,"comment_status":"closed","ping_status":"closed","template":"","meta":{"footnotes":""},"class_list":["post-3","page","type-page","status-publish","hentry"],"_links":{"self":[{"href":"https:\/\/atelier-sirikow.de\/it\/wp-json\/wp\/v2\/pages\/3","targetHints":{"allow":["GET"]}}],"collection":[{"href":"https:\/\/atelier-sirikow.de\/it\/wp-json\/wp\/v2\/pages"}],"about":[{"href":"https:\/\/atelier-sirikow.de\/it\/wp-json\/wp\/v2\/types\/page"}],"author":[{"embeddable":true,"href":"https:\/\/atelier-sirikow.de\/it\/wp-json\/wp\/v2\/users\/3"}],"replies":[{"embeddable":true,"href":"https:\/\/atelier-sirikow.de\/it\/wp-json\/wp\/v2\/comments?post=3"}],"version-history":[{"count":1,"href":"https:\/\/atelier-sirikow.de\/it\/wp-json\/wp\/v2\/pages\/3\/revisions"}],"predecessor-version":[{"id":23719,"href":"https:\/\/atelier-sirikow.de\/it\/wp-json\/wp\/v2\/pages\/3\/revisions\/23719"}],"wp:attachment":[{"href":"https:\/\/atelier-sirikow.de\/it\/wp-json\/wp\/v2\/media?parent=3"}],"curies":[{"name":"wp","href":"https:\/\/api.w.org\/{rel}","templated":true}]}}