{"id":126,"date":"2020-09-18T13:54:36","date_gmt":"2020-09-18T13:54:36","guid":{"rendered":"https:\/\/atelier-sirikow.de\/?page_id=126"},"modified":"2022-06-23T08:58:45","modified_gmt":"2022-06-23T06:58:45","slug":"impressum","status":"publish","type":"page","link":"https:\/\/atelier-sirikow.de\/it\/impressum\/","title":{"rendered":"impronta"},"content":{"rendered":"<div data-elementor-type=\"wp-page\" data-elementor-id=\"126\" class=\"elementor elementor-126\" data-elementor-post-type=\"page\">\n\t\t\t\t\t\t<section class=\"elementor-section elementor-top-section elementor-element elementor-element-28a6f96 elementor-section-boxed elementor-section-height-default elementor-section-height-default\" data-id=\"28a6f96\" data-element_type=\"section\" data-e-type=\"section\">\n\t\t\t\t\t\t<div class=\"elementor-container elementor-column-gap-no\">\n\t\t\t\t\t<div class=\"elementor-column elementor-col-100 elementor-top-column elementor-element elementor-element-c8d0827\" data-id=\"c8d0827\" data-element_type=\"column\" data-e-type=\"column\">\n\t\t\t<div class=\"elementor-widget-wrap elementor-element-populated\">\n\t\t\t\t\t\t<div class=\"elementor-element elementor-element-5d2cb6b elementor-widget elementor-widget-global elementor-global-21 elementor-widget-spacer\" data-id=\"5d2cb6b\" data-element_type=\"widget\" data-e-type=\"widget\" data-widget_type=\"spacer.default\">\n\t\t\t\t<div class=\"elementor-widget-container\">\n\t\t\t\t\t\t\t<div class=\"elementor-spacer\">\n\t\t\t<div class=\"elementor-spacer-inner\"><\/div>\n\t\t<\/div>\n\t\t\t\t\t\t<\/div>\n\t\t\t\t<\/div>\n\t\t\t\t<div class=\"elementor-element elementor-element-cf9a051 elementor-widget elementor-widget-text-editor\" data-id=\"cf9a051\" data-element_type=\"widget\" data-e-type=\"widget\" data-widget_type=\"text-editor.default\">\n\t\t\t\t<div class=\"elementor-widget-container\">\n\t\t\t\t\t\t\t\t\t<p><b>Informazioni ai sensi del \u00a7 18 comma 2 del Trattato sullo Stato dei media<\/b><\/p>\n<div>\n<div>\n<div style=\"box-sizing: border-box;\">\n<p style=\"margin: 0px; box-sizing: border-box;\">Joachim Sirikow<br style=\"box-sizing: border-box;\">Wolfbuehl 16<br style=\"box-sizing: border-box;\">88637 Leibertingen<br style=\"box-sizing: border-box;\">Germania<\/p>\n<p style=\"margin: 0px; box-sizing: border-box;\"><b style=\"box-sizing: border-box;\">Rappresentato da:<\/b>&nbsp;Joachim Sirikow<\/p>\n<p style=\"margin: 0px; box-sizing: border-box;\"><b style=\"box-sizing: border-box;\">Contatto:<\/b><br style=\"box-sizing: border-box;\">Telefono: 07466910211 (ufficio) o 07466910212 (studio)<br style=\"box-sizing: border-box;\">Fax: 07466910213<br style=\"box-sizing: border-box;\">E-mail: info@atelier-sirikow.de<\/p>\n<p style=\"margin: 0px; box-sizing: border-box;\"><b style=\"box-sizing: border-box;\">Partita IVA:<\/b>&nbsp;DE147267307<\/p>\n<p style=\"margin: 0px; box-sizing: border-box;\"><b style=\"box-sizing: border-box;\">Disclaimer<\/b><\/p>\n<p style=\"margin: 0px; box-sizing: border-box;\"><b style=\"box-sizing: border-box;\">Responsabilit\u00e0 per link:<\/b><br style=\"box-sizing: border-box;\">La nostra offerta contiene collegamenti a siti Web esterni di terzi, sui cui contenuti non abbiamo alcuna influenza. Pertanto non possiamo assumerci alcuna responsabilit\u00e0 per questo contenuto esterno. Il rispettivo fornitore o gestore delle pagine \u00e8 sempre responsabile del contenuto delle pagine collegate. Le pagine collegate sono state controllate per possibili violazioni legali al momento del collegamento. Il contenuto illegale non era riconoscibile al momento del collegamento. Tuttavia, un controllo permanente del contenuto delle pagine collegate non \u00e8 ragionevole senza prove concrete di una violazione. Non appena veniamo a conoscenza di violazioni legali, rimuoveremo immediatamente tali collegamenti.<\/p>\n<p style=\"margin: 0px; box-sizing: border-box;\"><b style=\"box-sizing: border-box;\">Responsabilit\u00e0 per i contenuti:<\/b><br style=\"box-sizing: border-box;\">I contenuti delle nostre pagine sono stati creati con grande cura. Tuttavia, non possiamo garantire che il contenuto sia corretto, completo o aggiornato. In qualit\u00e0 di fornitore di servizi, siamo responsabili dei nostri contenuti su queste pagine ai sensi dell&#039;articolo 7, paragrafo 1 della legge tedesca sui media (TMG). Ai sensi dei \u00a7\u00a7 da 8 a 10 TMG, tuttavia, noi come fornitori di servizi non siamo obbligati a monitorare le informazioni di terze parti trasmesse o memorizzate o a indagare su circostanze che indicano attivit\u00e0 illegali. Gli obblighi di rimuovere o bloccare l&#039;uso delle informazioni secondo le leggi generali rimangono inalterati. Tuttavia, la responsabilit\u00e0 al riguardo \u00e8 possibile solo dal momento in cui \u00e8 nota la conoscenza di una specifica violazione della legge. Non appena veniamo a conoscenza di eventuali violazioni della legge, rimuoveremo immediatamente questo contenuto.<\/p>\n<p style=\"margin: 0px; box-sizing: border-box;\"><b style=\"box-sizing: border-box;\">diritto d&#039;autore<\/b><br style=\"box-sizing: border-box;\">Il contenuto e le opere di queste pagine create dagli operatori del sito sono soggetti alla legge tedesca sul diritto d&#039;autore. La duplicazione, la modifica, la distribuzione e qualsiasi tipo di sfruttamento al di fuori dei limiti del diritto d&#039;autore richiedono il consenso scritto del rispettivo autore o creatore. Download e copie di questo sito sono consentiti solo per uso privato e non commerciale. Nella misura in cui il contenuto di questo sito non \u00e8 stato creato dal gestore, vengono rispettati i diritti d&#039;autore di terzi. In particolare i contenuti di terzi sono contrassegnati come tali. Qualora doveste comunque venire a conoscenza di una violazione del diritto d&#039;autore, vi chiediamo di informarci di conseguenza. Non appena veniamo a conoscenza di violazioni legali, rimuoveremo immediatamente tali contenuti.<\/p>\n<\/div>\n<\/div>\n<\/div>\t\t\t\t\t\t\t\t<\/div>\n\t\t\t\t<\/div>\n\t\t\t\t<div class=\"elementor-element elementor-element-1704ae5 elementor-widget elementor-widget-global elementor-global-21 elementor-widget-spacer\" data-id=\"1704ae5\" data-element_type=\"widget\" data-e-type=\"widget\" data-widget_type=\"spacer.default\">\n\t\t\t\t<div class=\"elementor-widget-container\">\n\t\t\t\t\t\t\t<div class=\"elementor-spacer\">\n\t\t\t<div class=\"elementor-spacer-inner\"><\/div>\n\t\t<\/div>\n\t\t\t\t\t\t<\/div>\n\t\t\t\t<\/div>\n\t\t\t\t\t<\/div>\n\t\t<\/div>\n\t\t\t\t\t<\/div>\n\t\t<\/section>\n\t\t\t\t<\/div>","protected":false},"excerpt":{"rendered":"<p>Angaben nach \u00a7 18 Abs. 2 Medienstaatsvertrag Joachim SirikowWolfb\u00fchl 1688637 LeibertingenDeutschland Vertreten durch:&nbsp;Joachim Sirikow Kontakt:Telefon: 07466910211 (B\u00fcro) oder 07466910212 (Atelier)Fax: 07466910213Email: info@atelier-sirikow.de Umsatzsteuernummer:&nbsp;DE147267307 Haftungsausschluss Haftung f\u00fcr Links:Unser Angebot enth\u00e4lt Links zu externen Webseiten Dritter, auf deren Inhalte wir keinen Einfluss haben. Deshalb k\u00f6nnen wir f\u00fcr diese fremden Inhalte auch keine Gew\u00e4hr \u00fcbernehmen. F\u00fcr die Inhalte [&hellip;]<\/p>\n","protected":false},"author":3,"featured_media":0,"parent":0,"menu_order":0,"comment_status":"closed","ping_status":"closed","template":"","meta":{"footnotes":""},"class_list":["post-126","page","type-page","status-publish","hentry"],"_links":{"self":[{"href":"https:\/\/atelier-sirikow.de\/it\/wp-json\/wp\/v2\/pages\/126","targetHints":{"allow":["GET"]}}],"collection":[{"href":"https:\/\/atelier-sirikow.de\/it\/wp-json\/wp\/v2\/pages"}],"about":[{"href":"https:\/\/atelier-sirikow.de\/it\/wp-json\/wp\/v2\/types\/page"}],"author":[{"embeddable":true,"href":"https:\/\/atelier-sirikow.de\/it\/wp-json\/wp\/v2\/users\/3"}],"replies":[{"embeddable":true,"href":"https:\/\/atelier-sirikow.de\/it\/wp-json\/wp\/v2\/comments?post=126"}],"version-history":[{"count":0,"href":"https:\/\/atelier-sirikow.de\/it\/wp-json\/wp\/v2\/pages\/126\/revisions"}],"wp:attachment":[{"href":"https:\/\/atelier-sirikow.de\/it\/wp-json\/wp\/v2\/media?parent=126"}],"curies":[{"name":"wp","href":"https:\/\/api.w.org\/{rel}","templated":true}]}}