{"id":3,"date":"2020-02-06T14:33:41","date_gmt":"2020-02-06T14:33:41","guid":{"rendered":"https:\/\/atelier-sirikow.de\/?page_id=3"},"modified":"2023-01-23T18:04:50","modified_gmt":"2023-01-23T17:04:50","slug":"datenschutz","status":"publish","type":"page","link":"https:\/\/atelier-sirikow.de\/fr\/datenschutz\/","title":{"rendered":"intimit\u00e9"},"content":{"rendered":"<div data-elementor-type=\"wp-page\" data-elementor-id=\"3\" class=\"elementor elementor-3\" data-elementor-post-type=\"page\">\n\t\t\t\t\t\t<section class=\"elementor-section elementor-top-section elementor-element elementor-element-5e8a66d8 elementor-section-boxed elementor-section-height-default elementor-section-height-default\" data-id=\"5e8a66d8\" data-element_type=\"section\" data-e-type=\"section\">\n\t\t\t\t\t\t<div class=\"elementor-container elementor-column-gap-no\">\n\t\t\t\t\t<div class=\"elementor-column elementor-col-100 elementor-top-column elementor-element elementor-element-25fab30f\" data-id=\"25fab30f\" data-element_type=\"column\" data-e-type=\"column\">\n\t\t\t<div class=\"elementor-widget-wrap elementor-element-populated\">\n\t\t\t\t\t\t<div class=\"elementor-element elementor-element-629f609 elementor-widget elementor-widget-global elementor-global-21 elementor-widget-spacer\" data-id=\"629f609\" data-element_type=\"widget\" data-e-type=\"widget\" data-widget_type=\"spacer.default\">\n\t\t\t\t<div class=\"elementor-widget-container\">\n\t\t\t\t\t\t\t<div class=\"elementor-spacer\">\n\t\t\t<div class=\"elementor-spacer-inner\"><\/div>\n\t\t<\/div>\n\t\t\t\t\t\t<\/div>\n\t\t\t\t<\/div>\n\t\t\t\t<div class=\"elementor-element elementor-element-2d567 elementor-widget elementor-widget-text-editor\" data-id=\"2d567\" data-element_type=\"widget\" data-e-type=\"widget\" data-widget_type=\"text-editor.default\">\n\t\t\t\t<div class=\"elementor-widget-container\">\n\t\t\t\t\t\t\t\t\t<h1>Protection des donn\u00e9es<\/h1>\n<p>Le responsable au sens des lois sur la protection des donn\u00e9es, en particulier le r\u00e8glement g\u00e9n\u00e9ral de l&#039;UE sur la protection des donn\u00e9es (RGPD), est\u00a0:<\/p>\n<p>Joachim Sirikow<br>Wolfb\u00fchl 16<br>88637 Leibertingen<br>T\u00e9l\u00e9phone : 07466910211 (bureau) ou 07466910212 (studio)<br>Courriel : info@atelier-sirikow.de<\/p>\n<h2>Vos droits en tant que personne concern\u00e9e<\/h2>\n<p>Vous pouvez \u00e0 tout moment exercer les droits suivants en utilisant les coordonn\u00e9es fournies par notre d\u00e9l\u00e9gu\u00e9 \u00e0 la protection des donn\u00e9es :<\/p>\n<ul>\n<li>Informations sur vos donn\u00e9es stock\u00e9es par nous et leur traitement (article 15 RGPD),<\/li>\n<li>Correction des donn\u00e9es personnelles erron\u00e9es (article 16 RGPD),<\/li>\n<li>Suppression de vos donn\u00e9es stock\u00e9es par nos soins (article 17 RGPD),<\/li>\n<li>Restriction du traitement des donn\u00e9es si nous ne sommes pas encore autoris\u00e9s \u00e0 supprimer vos donn\u00e9es en raison d&#039;obligations l\u00e9gales (article 18 RGPD),<\/li>\n<li>Opposition au traitement de vos donn\u00e9es par nos soins (article 21 RGPD) et<\/li>\n<li>Transf\u00e9rabilit\u00e9 des donn\u00e9es si vous avez consenti au traitement des donn\u00e9es ou si vous avez conclu un contrat avec nous (article 20 RGPD).<\/li>\n<\/ul>\n<p>Si vous nous avez donn\u00e9 votre consentement, vous pouvez le r\u00e9voquer \u00e0 tout moment avec effet pour l&#039;avenir.<\/p>\n<p>Vous pouvez \u00e0 tout moment vous adresser \u00e0 une autorit\u00e9 de surveillance en cas de r\u00e9clamation, par ex. B. \u00e0 l&#039;autorit\u00e9 de surveillance comp\u00e9tente de l&#039;\u00c9tat f\u00e9d\u00e9ral de votre lieu de r\u00e9sidence ou \u00e0 l&#039;autorit\u00e9 responsable de nous en tant qu&#039;organisme responsable.<\/p>\n<p>Vous pouvez trouver une liste des autorit\u00e9s de contr\u00f4le (pour le domaine non public) avec leurs adresses sur : <a href=\"https:\/\/www.bfdi.bund.de\/DE\/Service\/Anschriften\/Laender\/Laender-node.html\" target=\"_blank\" rel=\"noopener nofollow\">https:\/\/www.bfdi.bund.de\/DE\/Service\/Anschriften\/Laender\/Laender-node.html<\/a>.<\/p>\n<p><\/p>\n<h2>Collecte d&#039;informations g\u00e9n\u00e9rales lors de la visite de notre site Web<\/h2>\n<h3>Nature et finalit\u00e9 du traitement\u00a0:<\/h3>\n<p>Si vous acc\u00e9dez \u00e0 notre site Web, c&#039;est-\u00e0-dire si vous ne vous enregistrez pas ou ne fournissez pas d&#039;informations, des informations de nature g\u00e9n\u00e9rale sont automatiquement enregistr\u00e9es. Ces informations (fichiers journaux du serveur) comprennent, par exemple, le type de navigateur Web, le syst\u00e8me d&#039;exploitation utilis\u00e9, le nom de domaine de votre fournisseur d&#039;acc\u00e8s Internet, votre adresse IP, etc. <\/p>\n<p>En particulier, elles sont trait\u00e9es pour les finalit\u00e9s suivantes :<\/p>\n<ul>\n<li>Assurer une connexion sans probl\u00e8me au site Web,<\/li>\n<li>garantir une utilisation fluide de notre site Web,<\/li>\n<li>\u00c9valuation de la s\u00e9curit\u00e9 et de la stabilit\u00e9 du syst\u00e8me ainsi<\/li>\n<li>pour optimiser notre site Web.<\/li>\n<\/ul>\n<p>Nous n&#039;utilisons pas vos donn\u00e9es pour tirer des conclusions sur votre personne. Les informations de ce type sont \u00e9valu\u00e9es statistiquement par nous, si n\u00e9cessaire de mani\u00e8re anonyme, afin d&#039;optimiser notre site Web et la technologie qui le sous-tend. <\/p>\n<h3>Base juridique et int\u00e9r\u00eat l\u00e9gitime :<\/h3>\n<p>Le traitement a lieu conform\u00e9ment \u00e0 l&#039;article 6, paragraphe 1, lettre f du RGPD sur la base de notre int\u00e9r\u00eat l\u00e9gitime \u00e0 am\u00e9liorer la stabilit\u00e9 et la fonctionnalit\u00e9 de notre site Web.<\/p>\n<h3>Destinataire:<\/h3>\n<p>Les destinataires des donn\u00e9es peuvent \u00eatre des prestataires de services techniques qui agissent en tant que sous-traitants pour l&#039;exploitation et la maintenance de notre site Web.<\/p>\n<p><\/p>\n<h3>Dur\u00e9e de stockage\u00a0:<\/h3>\n<p>Les donn\u00e9es seront supprim\u00e9es d\u00e8s qu&#039;elles ne seront plus n\u00e9cessaires aux fins de la collecte. C&#039;est g\u00e9n\u00e9ralement le cas pour les donn\u00e9es utilis\u00e9es pour fournir le site Web lorsque la session respective est termin\u00e9e. <\/p>\n<p> Si les donn\u00e9es sont stock\u00e9es dans des fichiers journaux, c&#039;est le cas apr\u00e8s 14 jours au plus tard. Un stockage au-del\u00e0 est possible. Dans ce cas, les adresses IP des utilisateurs sont anonymis\u00e9es de sorte qu&#039;il n&#039;est plus possible d&#039;attribuer le client appelant.<\/p>\n<p><\/p>\n<h3>Disposition prescrite ou requise\u00a0:<\/h3>\n<p>La fourniture des donn\u00e9es personnelles susmentionn\u00e9es n&#039;est requise ni par la loi ni par contrat. Sans l&#039;adresse IP, cependant, le service et la fonctionnalit\u00e9 de notre site Web ne peuvent pas \u00eatre garantis. De plus, certains services peuvent ne pas \u00eatre disponibles ou \u00eatre limit\u00e9s. Pour cette raison, une objection est exclue. <\/p>\n<p><\/p>\n<h2>biscuits<\/h2>\n<p>Comme de nombreux autres sites Web, nous utilisons \u00e9galement des &quot;cookies&quot;. Les cookies sont de petits fichiers texte qui sont stock\u00e9s sur votre terminal (ordinateur portable, tablette, smartphone, etc.) lorsque vous visitez notre site Web. <\/p>\n<p>Vous pouvez supprimer des cookies individuels ou l&#039;int\u00e9gralit\u00e9 de l&#039;inventaire des cookies. Vous recevrez \u00e9galement des informations et des instructions sur la mani\u00e8re dont ces cookies peuvent \u00eatre supprim\u00e9s ou sur la mani\u00e8re dont leur stockage peut \u00eatre bloqu\u00e9 \u00e0 l&#039;avance. Selon le fournisseur de votre navigateur, vous trouverez les informations n\u00e9cessaires sous les liens suivants :<\/p>\n<ul>\n<li>MozillaFirefox\u00a0: <a href=\"https:\/\/support.mozilla.org\/de\/kb\/cookies-loeschen-daten-von-websites-entfernen\" target=\"_blank\" rel=\"nofollow noopener\">https:\/\/support.mozilla.org\/de\/kb\/cookies-loeschen-daten-von-websites-entfernen<\/a><\/li>\n<li>Internet Explorer: <a href=\"https:\/\/support.microsoft.com\/de-de\/help\/17442\/windows-internet-explorer-delete-manage-cookies\" target=\"_blank\" rel=\"nofollow noopener\">https:\/\/support.microsoft.com\/de-de\/help\/17442\/windows-internet-explorer-delete-manage-cookies<\/a><\/li>\n<li>Google Chrome: <a href=\"https:\/\/support.google.com\/accounts\/answer\/61416?hl=de\" target=\"_blank\" rel=\"nofollow noopener\">https:\/\/support.google.com\/accounts\/answer\/61416?hl=de<\/a><\/li>\n<li>Op\u00e9ra: <a href=\"http:\/\/www.opera.com\/de\/help\" target=\"_blank\" rel=\"nofollow noopener\">http:\/\/www.opera.com\/de\/help<\/a><\/li>\n<li>Safari: <a href=\"https:\/\/support.apple.com\/kb\/PH17191?locale=de_DE&amp;viewlocale=de_DE\" target=\"_blank\" rel=\"nofollow noopener\">https:\/\/support.apple.com\/kb\/PH17191?locale=de_DE&amp;viewlocale=de_DE<\/a><\/li>\n<\/ul>\n<h3><br><\/h3>\n<p><\/p>\n<h2>formulaire de contact<\/h2>\n<h3>Nature et finalit\u00e9 du traitement\u00a0:<\/h3>\n<p>Les donn\u00e9es que vous entrez seront stock\u00e9es dans le but d&#039;une communication individuelle avec vous. Cela n\u00e9cessite que vous fournissiez une adresse e-mail valide et votre nom. Ceci est utilis\u00e9 pour allouer la requ\u00eate puis pour y r\u00e9pondre. La fourniture de donn\u00e9es suppl\u00e9mentaires est facultative.<\/p>\n<h3>Base l\u00e9gale:<\/h3>\n<p>Les donn\u00e9es saisies dans le formulaire de contact sont trait\u00e9es sur la base d&#039;un int\u00e9r\u00eat l\u00e9gitime (article 6, paragraphe 1, point f) du RGPD).<\/p>\n<p>En fournissant le formulaire de contact, nous souhaitons vous faciliter la t\u00e2che pour nous contacter. Les informations que vous fournissez seront stock\u00e9es dans le but de traiter la demande et pour d&#039;\u00e9ventuelles questions de suivi.<\/p>\n<p>Si vous nous contactez pour demander une offre, les donn\u00e9es saisies dans le formulaire de contact seront trait\u00e9es pour effectuer des mesures pr\u00e9contractuelles (article 6 (1) (b) GDPR).<\/p>\n<h3>Destinataire:<\/h3>\n<p>Les destinataires des donn\u00e9es peuvent \u00eatre des sous-traitants.<\/p>\n<p><\/p>\n<h3>Dur\u00e9e de stockage\u00a0:<\/h3>\n<p>Les donn\u00e9es seront supprim\u00e9es au plus tard 6 mois apr\u00e8s le traitement de la demande.<\/p>\n<p>S&#039;il existe une relation contractuelle, nous sommes soumis aux d\u00e9lais de conservation l\u00e9gaux conform\u00e9ment au code de commerce allemand et supprimons vos donn\u00e9es apr\u00e8s l&#039;expiration de ces d\u00e9lais. <\/p>\n<h3>Disposition prescrite ou requise\u00a0:<\/h3>\n<p>La fourniture de vos donn\u00e9es personnelles est volontaire. Cependant, nous ne pouvons traiter votre demande que si vous nous fournissez votre nom, votre adresse e-mail et la raison de la demande.<\/p>\n<p><\/p>\n<h2>Utilisation de biblioth\u00e8ques de scripts (Google Webfonts)<\/h2>\n<p>Afin d&#039;afficher correctement et graphiquement notre contenu sur tous les navigateurs, nous utilisons les &quot;Google Web Fonts&quot; de Google LLC (1600 Amphitheatre Parkway, Mountain View, CA 94043, USA ; ci-apr\u00e8s &quot;Google&quot;) pour afficher les polices sur ce site Web.<\/p>\n<p>Pour plus d&#039;informations sur les polices Web Google, consultez <a href=\"https:\/\/developers.google.com\/fonts\/faq\" rel=\"noopener nofollow\" target=\"_blank\">https:\/\/developers.google.com\/fonts\/faq<\/a> et dans la politique de confidentialit\u00e9 de Google\u00a0: <a href=\"https:\/\/www.google.com\/policies\/privacy\/\" rel=\"noopener nofollow\" target=\"_blank\">https:\/\/www.google.com\/policies\/privacy\/<\/a>.<\/p>\n<p><\/p>\n<h2>Utilisation des polices Web Typekit d&#039;Adobe Fonts<\/h2>\n<p>Nous utilisons les polices Web Typekit d&#039;Adobe Fonts pour la conception visuelle de notre site Web. Adobe Fonts est un service fourni par Adobe Systems Software Ireland Companies (4-6 Riverwalk, Citywest Business Campus, Dublin 24, R\u00e9publique d&#039;Irlande ; ci-apr\u00e8s \u00ab Adobe \u00bb) qui nous donne acc\u00e8s \u00e0 une biblioth\u00e8que de polices. <\/p>\n<p>Pour int\u00e9grer les polices que nous utilisons, votre navigateur doit \u00e9tablir une connexion avec un serveur Adobe aux \u00c9tats-Unis et t\u00e9l\u00e9charger la police requise pour notre site Web. Cela donne \u00e0 Adobe l&#039;information que notre site Web a \u00e9t\u00e9 consult\u00e9 \u00e0 partir de votre adresse IP. <\/p>\n<p>Pour plus d&#039;informations sur Adobe Fonts, consultez la politique de confidentialit\u00e9 d&#039;Adobe Fonts, \u00e0 laquelle vous pouvez acc\u00e9der ici : <a href=\"https:\/\/www.adobe.com\/de\/privacy\/policies\/adobe-fonts.html\" rel=\"noopener nofollow\" target=\"_blank\">https:\/\/www.adobe.com\/de\/privacy\/policies\/adobe-fonts.html<\/a><\/p>\n<p>Si votre navigateur ne prend pas en charge les polices Web ou si vous ne donnez pas votre consentement, une police standard sera utilis\u00e9e par votre ordinateur.<\/p>\n<h3>Retrait du consentement\u00a0:<\/h3>\n<p>Le fournisseur n&#039;offre actuellement aucune option pour une simple d\u00e9sactivation ou un blocage de la transmission de donn\u00e9es. Si vous souhaitez emp\u00eacher le suivi de vos activit\u00e9s sur notre site Web, veuillez r\u00e9voquer votre consentement pour la cat\u00e9gorie de cookies correspondante ou tous les cookies et transmissions de donn\u00e9es techniquement inutiles dans l&#039;outil de consentement aux cookies. Dans ce cas, cependant, vous ne pourrez peut-\u00eatre pas utiliser notre site Web ou seulement dans une mesure limit\u00e9e.<\/p>\n<p><\/p>\n<h2>Vid\u00e9os YouTube int\u00e9gr\u00e9es<\/h2>\n<p>Nous int\u00e9grons des vid\u00e9os YouTube sur notre site Web. L&#039;op\u00e9rateur des plugins correspondants est YouTube, LLC, 901 Cherry Ave., San Bruno, CA 94066, USA (ci-apr\u00e8s &quot;YouTube&quot;). YouTube, LLC est une filiale de Google LLC, 1600 Amphitheatre Pkwy, Mountain View, CA 94043, \u00c9tats-Unis (ci-apr\u00e8s \u00ab\u00a0Google\u00a0\u00bb). Lorsque vous visitez une page avec le plugin YouTube, une connexion aux serveurs YouTube est \u00e9tablie. Cela indique \u00e0 YouTube quelles pages vous visitez. Si vous \u00eates connect\u00e9 \u00e0 votre compte YouTube, YouTube peut vous attribuer personnellement votre comportement de navigation. Vous pouvez emp\u00eacher cela en vous d\u00e9connectant au pr\u00e9alable de votre compte YouTube. <\/p>\n<p>Si une vid\u00e9o YouTube est d\u00e9marr\u00e9e, le fournisseur utilise des cookies qui collectent des informations sur le comportement de l&#039;utilisateur. <\/p>\n<p>Vous trouverez de plus amples informations sur l&#039;objet et l&#039;\u00e9tendue de la collecte de donn\u00e9es et de leur traitement par YouTube dans les d\u00e9clarations de protection des donn\u00e9es du fournisseur. Vous y trouverez \u00e9galement de plus amples informations sur vos droits \u00e0 cet \u00e9gard et les options de r\u00e9glage pour la protection de votre vie priv\u00e9e (<a href=\"https:\/\/policies.google.com\/privacy\" target=\"_blank\" rel=\"noopener\">https:\/\/policies.google.com\/privacy<\/a>). <\/p>\n<h3>Retrait du consentement\u00a0:<\/h3>\n<p>Le fournisseur n&#039;offre actuellement aucune option pour une simple d\u00e9sactivation ou un blocage de la transmission de donn\u00e9es. Si vous souhaitez emp\u00eacher le suivi de vos activit\u00e9s sur notre site Web, veuillez r\u00e9voquer votre consentement pour la cat\u00e9gorie de cookies correspondante ou tous les cookies et transmissions de donn\u00e9es techniquement inutiles dans l&#039;outil de consentement aux cookies. Dans ce cas, cependant, vous ne pourrez peut-\u00eatre pas utiliser notre site Web ou seulement dans une mesure limit\u00e9e.<\/p>\n<p><\/p>\n<h2>Cryptage SSL<\/h2>\n<p>Afin de prot\u00e9ger la s\u00e9curit\u00e9 de vos donn\u00e9es lors de la transmission, nous utilisons des m\u00e9thodes de cryptage de pointe (par exemple SSL) via HTTPS.<\/p>\n<p><\/p>\n<hr>\n<h2>Informations sur votre droit d&#039;opposition conform\u00e9ment \u00e0 l&#039;article 21 du RGPD<\/h2>\n<h3>Droit d&#039;opposition individuel<\/h3>\n<p>Vous avez le droit, pour des raisons tenant \u00e0 votre situation particuli\u00e8re, de vous opposer \u00e0 tout moment au traitement des donn\u00e9es \u00e0 caract\u00e8re personnel vous concernant, qui est fond\u00e9 sur l&#039;article 6, paragraphe 1, point f) du RGPD (traitement des donn\u00e9es sur la base d&#039;un solde d&#039;int\u00e9r\u00eats); ceci s&#039;applique \u00e9galement au profilage bas\u00e9 sur cette disposition au sens de l&#039;article 4 n\u00b0 4 du RGPD.<\/p>\n<p>Si vous d\u00e9posez une objection, nous ne traiterons plus vos donn\u00e9es personnelles, sauf si nous pouvons d\u00e9montrer des motifs l\u00e9gitimes et imp\u00e9rieux de traitement qui l&#039;emportent sur vos int\u00e9r\u00eats, droits et libert\u00e9s, ou si le traitement sert \u00e0 faire valoir, exercer ou d\u00e9fendre des droits l\u00e9gaux.<\/p>\n<h3>Destinataire d&#039;une opposition<\/h3>\n<p>Joachim Sirikow<br>Wolfb\u00fchl 16<br>88637 Leibertingen<br>T\u00e9l\u00e9phone : 07466910211 (bureau) ou 07466910212 (studio)<br>Courriel : info@atelier-sirikow.de<\/p>\n<hr>\n<h2>Modification de notre politique de confidentialit\u00e9<\/h2>\n<p>Nous nous r\u00e9servons le droit d&#039;adapter cette d\u00e9claration de protection des donn\u00e9es afin qu&#039;elle corresponde toujours aux exigences l\u00e9gales en vigueur ou d&#039;apporter des modifications \u00e0 nos services dans la d\u00e9claration de protection des donn\u00e9es, par exemple lors de l&#039;introduction de nouveaux services. La nouvelle d\u00e9claration de protection des donn\u00e9es s&#039;appliquera alors \u00e0 votre prochaine visite.<\/p>\n<h2>Questions au d\u00e9l\u00e9gu\u00e9 \u00e0 la protection des donn\u00e9es<\/h2>\n<p>Si vous avez des questions sur la protection des donn\u00e9es, veuillez nous envoyer un e-mail ou contacter directement la personne responsable de la protection des donn\u00e9es au sein de notre organisation\u00a0:<\/p>\n<p><\/p>\n<p><em>La d\u00e9claration de protection des donn\u00e9es a \u00e9t\u00e9 cr\u00e9\u00e9e avec l&#039;aide d&#039;activeMind AG, les experts pour <a href=\"https:\/\/www.activemind.de\/datenschutz\/datenschutzbeauftragter\/\" target=\"_blank\" rel=\"noopener\">d\u00e9l\u00e9gu\u00e9s externes \u00e0 la protection des donn\u00e9es<\/a> (Version #2020-09-30).<\/em><\/p>\t\t\t\t\t\t\t\t<\/div>\n\t\t\t\t<\/div>\n\t\t\t\t<div class=\"elementor-element elementor-element-9e0777a elementor-widget elementor-widget-global elementor-global-21 elementor-widget-spacer\" data-id=\"9e0777a\" data-element_type=\"widget\" data-e-type=\"widget\" data-widget_type=\"spacer.default\">\n\t\t\t\t<div class=\"elementor-widget-container\">\n\t\t\t\t\t\t\t<div class=\"elementor-spacer\">\n\t\t\t<div class=\"elementor-spacer-inner\"><\/div>\n\t\t<\/div>\n\t\t\t\t\t\t<\/div>\n\t\t\t\t<\/div>\n\t\t\t\t\t<\/div>\n\t\t<\/div>\n\t\t\t\t\t<\/div>\n\t\t<\/section>\n\t\t\t\t<\/div>","protected":false},"excerpt":{"rendered":"<p>Datenschutzerkl\u00e4rung Verantwortlicher im Sinne der Datenschutzgesetze, insbesondere der EU-Datenschutzgrundverordnung (DSGVO), ist: Joachim Sirikow Wolfb\u00fchl 16 88637 Leibertingen Telefon: 07466910211 (B\u00fcro) oder 07466910212 (Atelier) E-Mail: info@atelier-sirikow.de Ihre Betroffenenrechte Unter den angegebenen Kontaktdaten unseres Datenschutzbeauftragten k\u00f6nnen Sie jederzeit folgende Rechte aus\u00fcben: Auskunft \u00fcber Ihre bei uns gespeicherten Daten und deren Verarbeitung (Art. 15 DSGVO), Berichtigung unrichtiger personenbezogener [&hellip;]<\/p>\n","protected":false},"author":3,"featured_media":0,"parent":0,"menu_order":0,"comment_status":"closed","ping_status":"closed","template":"","meta":{"footnotes":""},"class_list":["post-3","page","type-page","status-publish","hentry"],"_links":{"self":[{"href":"https:\/\/atelier-sirikow.de\/fr\/wp-json\/wp\/v2\/pages\/3","targetHints":{"allow":["GET"]}}],"collection":[{"href":"https:\/\/atelier-sirikow.de\/fr\/wp-json\/wp\/v2\/pages"}],"about":[{"href":"https:\/\/atelier-sirikow.de\/fr\/wp-json\/wp\/v2\/types\/page"}],"author":[{"embeddable":true,"href":"https:\/\/atelier-sirikow.de\/fr\/wp-json\/wp\/v2\/users\/3"}],"replies":[{"embeddable":true,"href":"https:\/\/atelier-sirikow.de\/fr\/wp-json\/wp\/v2\/comments?post=3"}],"version-history":[{"count":1,"href":"https:\/\/atelier-sirikow.de\/fr\/wp-json\/wp\/v2\/pages\/3\/revisions"}],"predecessor-version":[{"id":23719,"href":"https:\/\/atelier-sirikow.de\/fr\/wp-json\/wp\/v2\/pages\/3\/revisions\/23719"}],"wp:attachment":[{"href":"https:\/\/atelier-sirikow.de\/fr\/wp-json\/wp\/v2\/media?parent=3"}],"curies":[{"name":"wp","href":"https:\/\/api.w.org\/{rel}","templated":true}]}}