{"id":126,"date":"2020-09-18T13:54:36","date_gmt":"2020-09-18T13:54:36","guid":{"rendered":"https:\/\/atelier-sirikow.de\/?page_id=126"},"modified":"2022-06-23T08:58:45","modified_gmt":"2022-06-23T06:58:45","slug":"impressum","status":"publish","type":"page","link":"https:\/\/atelier-sirikow.de\/fr\/impressum\/","title":{"rendered":"imprimer"},"content":{"rendered":"<div data-elementor-type=\"wp-page\" data-elementor-id=\"126\" class=\"elementor elementor-126\" data-elementor-post-type=\"page\">\n\t\t\t\t\t\t<section class=\"elementor-section elementor-top-section elementor-element elementor-element-28a6f96 elementor-section-boxed elementor-section-height-default elementor-section-height-default\" data-id=\"28a6f96\" data-element_type=\"section\" data-e-type=\"section\">\n\t\t\t\t\t\t<div class=\"elementor-container elementor-column-gap-no\">\n\t\t\t\t\t<div class=\"elementor-column elementor-col-100 elementor-top-column elementor-element elementor-element-c8d0827\" data-id=\"c8d0827\" data-element_type=\"column\" data-e-type=\"column\">\n\t\t\t<div class=\"elementor-widget-wrap elementor-element-populated\">\n\t\t\t\t\t\t<div class=\"elementor-element elementor-element-5d2cb6b elementor-widget elementor-widget-global elementor-global-21 elementor-widget-spacer\" data-id=\"5d2cb6b\" data-element_type=\"widget\" data-e-type=\"widget\" data-widget_type=\"spacer.default\">\n\t\t\t\t<div class=\"elementor-widget-container\">\n\t\t\t\t\t\t\t<div class=\"elementor-spacer\">\n\t\t\t<div class=\"elementor-spacer-inner\"><\/div>\n\t\t<\/div>\n\t\t\t\t\t\t<\/div>\n\t\t\t\t<\/div>\n\t\t\t\t<div class=\"elementor-element elementor-element-cf9a051 elementor-widget elementor-widget-text-editor\" data-id=\"cf9a051\" data-element_type=\"widget\" data-e-type=\"widget\" data-widget_type=\"text-editor.default\">\n\t\t\t\t<div class=\"elementor-widget-container\">\n\t\t\t\t\t\t\t\t\t<p><b>Informations selon \u00a7 18 alin\u00e9a 2 Trait\u00e9 d&#039;\u00c9tat sur les m\u00e9dias<\/b><\/p>\n<div>\n<div>\n<div style=\"box-sizing: border-box;\">\n<p style=\"margin: 0px; box-sizing: border-box;\">Joachim Sirikow<br style=\"box-sizing: border-box;\">Wolfb\u00fchl 16<br style=\"box-sizing: border-box;\">88637 Leibertingen<br style=\"box-sizing: border-box;\">Allemagne<\/p>\n<p style=\"margin: 0px; box-sizing: border-box;\"><b style=\"box-sizing: border-box;\">Repr\u00e9sent\u00e9 par:<\/b>&nbsp;Joachim Sirikow<\/p>\n<p style=\"margin: 0px; box-sizing: border-box;\"><b style=\"box-sizing: border-box;\">Contact:<\/b><br style=\"box-sizing: border-box;\">T\u00e9l\u00e9phone : 07466910211 (bureau) ou 07466910212 (studio)<br style=\"box-sizing: border-box;\">T\u00e9l\u00e9copie : 07466910213<br style=\"box-sizing: border-box;\">Courriel : info@atelier-sirikow.de<\/p>\n<p style=\"margin: 0px; box-sizing: border-box;\"><b style=\"box-sizing: border-box;\">Num\u00e9ro de TVA:<\/b>&nbsp;DE147267307<\/p>\n<p style=\"margin: 0px; box-sizing: border-box;\"><b style=\"box-sizing: border-box;\">Clause de non-responsabilit\u00e9<\/b><\/p>\n<p style=\"margin: 0px; box-sizing: border-box;\"><b style=\"box-sizing: border-box;\">Responsabilit\u00e9 pour les liens\u00a0:<\/b><br style=\"box-sizing: border-box;\">Notre offre contient des liens vers des sites Web externes de tiers, sur lesquels nous n&#039;avons aucune influence. Par cons\u00e9quent, nous ne pouvons assumer aucune responsabilit\u00e9 pour ce contenu externe. Le fournisseur ou l&#039;exploitant respectif des pages est toujours responsable du contenu des pages li\u00e9es. Les pages li\u00e9es ont \u00e9t\u00e9 v\u00e9rifi\u00e9es pour d&#039;\u00e9ventuelles violations de la loi au moment de la liaison. Le contenu ill\u00e9gal n&#039;\u00e9tait pas reconnaissable au moment de la cr\u00e9ation du lien. Cependant, un contr\u00f4le permanent du contenu des pages li\u00e9es n&#039;est pas raisonnable sans preuves concr\u00e8tes d&#039;une infraction. D\u00e8s que nous aurons connaissance de violations l\u00e9gales, nous supprimerons imm\u00e9diatement ces liens.<\/p>\n<p style=\"margin: 0px; box-sizing: border-box;\"><b style=\"box-sizing: border-box;\">Responsabilit\u00e9 du contenu\u00a0:<\/b><br style=\"box-sizing: border-box;\">Le contenu de nos pages a \u00e9t\u00e9 cr\u00e9\u00e9 avec le plus grand soin. Cependant, nous ne pouvons pas garantir que le contenu est correct, complet ou \u00e0 jour. En tant que prestataire de services, nous sommes responsables de nos propres contenus sur ces pages conform\u00e9ment \u00e0 l&#039;article 7, paragraphe 1 de la loi allemande sur les t\u00e9l\u00e9m\u00e9dias (TMG). Conform\u00e9ment aux \u00a7\u00a7 8 \u00e0 10 TMG, nous ne sommes toutefois pas tenus, en tant que prestataire de services, de surveiller les informations transmises ou stock\u00e9es par des tiers ou d&#039;enqu\u00eater sur les circonstances qui indiquent une activit\u00e9 ill\u00e9gale. Les obligations de supprimer ou de bloquer l&#039;utilisation des informations conform\u00e9ment aux lois g\u00e9n\u00e9rales restent inchang\u00e9es. Toutefois, la responsabilit\u00e9 \u00e0 cet \u00e9gard n&#039;est possible qu&#039;\u00e0 partir du moment o\u00f9 la connaissance d&#039;une infraction concr\u00e8te \u00e0 la loi est connue. D\u00e8s que nous prendrons connaissance de toute violation de la loi, nous supprimerons imm\u00e9diatement ce contenu.<\/p>\n<p style=\"margin: 0px; box-sizing: border-box;\"><b style=\"box-sizing: border-box;\">droits d&#039;auteur<\/b><br style=\"box-sizing: border-box;\">Le contenu et les travaux sur ces pages cr\u00e9\u00e9s par les exploitants du site sont soumis \u00e0 la loi allemande sur le droit d&#039;auteur. La duplication, l&#039;\u00e9dition, la distribution et tout type d&#039;exploitation en dehors des limites du droit d&#039;auteur n\u00e9cessitent le consentement \u00e9crit de l&#039;auteur ou du cr\u00e9ateur respectif. Les t\u00e9l\u00e9chargements et copies de ce site ne sont autoris\u00e9s que pour un usage priv\u00e9 et non commercial. Dans la mesure o\u00f9 le contenu de ce site n&#039;a pas \u00e9t\u00e9 cr\u00e9\u00e9 par l&#039;exploitant, les droits d&#039;auteur de tiers sont respect\u00e9s. En particulier, les contenus de tiers sont signal\u00e9s comme tels. Si vous avez n\u00e9anmoins connaissance d&#039;une violation du droit d&#039;auteur, nous vous demandons de nous en informer en cons\u00e9quence. D\u00e8s que nous aurons connaissance de violations l\u00e9gales, nous supprimerons imm\u00e9diatement ce contenu.<\/p>\n<\/div>\n<\/div>\n<\/div>\t\t\t\t\t\t\t\t<\/div>\n\t\t\t\t<\/div>\n\t\t\t\t<div class=\"elementor-element elementor-element-1704ae5 elementor-widget elementor-widget-global elementor-global-21 elementor-widget-spacer\" data-id=\"1704ae5\" data-element_type=\"widget\" data-e-type=\"widget\" data-widget_type=\"spacer.default\">\n\t\t\t\t<div class=\"elementor-widget-container\">\n\t\t\t\t\t\t\t<div class=\"elementor-spacer\">\n\t\t\t<div class=\"elementor-spacer-inner\"><\/div>\n\t\t<\/div>\n\t\t\t\t\t\t<\/div>\n\t\t\t\t<\/div>\n\t\t\t\t\t<\/div>\n\t\t<\/div>\n\t\t\t\t\t<\/div>\n\t\t<\/section>\n\t\t\t\t<\/div>","protected":false},"excerpt":{"rendered":"<p>Angaben nach \u00a7 18 Abs. 2 Medienstaatsvertrag Joachim SirikowWolfb\u00fchl 1688637 LeibertingenDeutschland Vertreten durch:&nbsp;Joachim Sirikow Kontakt:Telefon: 07466910211 (B\u00fcro) oder 07466910212 (Atelier)Fax: 07466910213Email: info@atelier-sirikow.de Umsatzsteuernummer:&nbsp;DE147267307 Haftungsausschluss Haftung f\u00fcr Links:Unser Angebot enth\u00e4lt Links zu externen Webseiten Dritter, auf deren Inhalte wir keinen Einfluss haben. Deshalb k\u00f6nnen wir f\u00fcr diese fremden Inhalte auch keine Gew\u00e4hr \u00fcbernehmen. F\u00fcr die Inhalte [&hellip;]<\/p>\n","protected":false},"author":3,"featured_media":0,"parent":0,"menu_order":0,"comment_status":"closed","ping_status":"closed","template":"","meta":{"footnotes":""},"class_list":["post-126","page","type-page","status-publish","hentry"],"_links":{"self":[{"href":"https:\/\/atelier-sirikow.de\/fr\/wp-json\/wp\/v2\/pages\/126","targetHints":{"allow":["GET"]}}],"collection":[{"href":"https:\/\/atelier-sirikow.de\/fr\/wp-json\/wp\/v2\/pages"}],"about":[{"href":"https:\/\/atelier-sirikow.de\/fr\/wp-json\/wp\/v2\/types\/page"}],"author":[{"embeddable":true,"href":"https:\/\/atelier-sirikow.de\/fr\/wp-json\/wp\/v2\/users\/3"}],"replies":[{"embeddable":true,"href":"https:\/\/atelier-sirikow.de\/fr\/wp-json\/wp\/v2\/comments?post=126"}],"version-history":[{"count":0,"href":"https:\/\/atelier-sirikow.de\/fr\/wp-json\/wp\/v2\/pages\/126\/revisions"}],"wp:attachment":[{"href":"https:\/\/atelier-sirikow.de\/fr\/wp-json\/wp\/v2\/media?parent=126"}],"curies":[{"name":"wp","href":"https:\/\/api.w.org\/{rel}","templated":true}]}}